{"id":2,"date":"2014-02-26T14:51:56","date_gmt":"2014-02-26T14:51:56","guid":{"rendered":"http:\/\/www.marmac.biz\/w\/?page_id=2"},"modified":"2026-02-16T09:43:15","modified_gmt":"2026-02-16T08:43:15","slug":"home","status":"publish","type":"page","link":"https:\/\/www.marmac.it\/w\/","title":{"rendered":"Chi siamo"},"content":{"rendered":"\n<figure class=\"wp-block-image alignnone wp-image-1588 size-medium is-style-default\"><img data-recalc-dims=\"1\" loading=\"lazy\" decoding=\"async\" width=\"300\" height=\"270\" src=\"https:\/\/i0.wp.com\/www.marmac.it\/w\/wp-content\/uploads\/2021\/04\/Marico-Maccarini.jpeg?resize=300%2C270&#038;ssl=1\" alt=\"Marico Angelo Maccarini\" class=\"wp-image-1588\" srcset=\"https:\/\/i0.wp.com\/www.marmac.it\/w\/wp-content\/uploads\/2021\/04\/Marico-Maccarini.jpeg?resize=300%2C270&amp;ssl=1 300w, https:\/\/i0.wp.com\/www.marmac.it\/w\/wp-content\/uploads\/2021\/04\/Marico-Maccarini.jpeg?resize=768%2C691&amp;ssl=1 768w, https:\/\/i0.wp.com\/www.marmac.it\/w\/wp-content\/uploads\/2021\/04\/Marico-Maccarini.jpeg?w=895&amp;ssl=1 895w\" sizes=\"auto, (max-width: 300px) 100vw, 300px\" \/><figcaption class=\"wp-element-caption\">Marico A. Maccarini<\/figcaption><\/figure>\n\n\n\n<h2 class=\"wp-block-heading\">Innovare semplificando: servizi informatici e sicurezza per il business<\/h2>\n\n\n\n<p>Fatevi coinvolgere dalla opportunit\u00e0 di innovare semplificando. L&#8217;informatica oggi \u00e8 alla portata di tutti e pu\u00f2 migliorare le performance della vostra azienda.<\/p>\n\n\n\n<p>Da oltre 30 anni supportiamo le aziende con <strong data-start=\"395\" data-end=\"454\">soluzioni informatiche innovative, sicure ed efficienti<\/strong>. La nostra missione \u00e8 aiutarti a migliorare le performance e la competitivit\u00e0 del tuo business attraverso <strong data-start=\"561\" data-end=\"644\">consulenza IT, formazione, connettivit\u00e0 dati\/voce e sistemi gestionali avanzati<\/strong>.<\/p>\n\n\n\n<p>Siamo <strong data-start=\"655\" data-end=\"682\"><a href=\"https:\/\/www.centrosoftware.com\/partner\/maccarini-marico-angelo-c\/\" data-type=\"link\" data-id=\"https:\/\/www.centrosoftware.com\/partner\/maccarini-marico-angelo-c\/\" target=\"_blank\" rel=\"noreferrer noopener\">Partner Centro Software<\/a><\/strong> per le soluzioni gestionali <strong data-start=\"711\" data-end=\"737\"><a href=\"https:\/\/www.impresaerp.it\/\" data-type=\"link\" data-id=\"https:\/\/www.impresaerp.it\/\" target=\"_blank\" rel=\"noreferrer noopener\">Impresa ERP<\/a> e <a href=\"https:\/\/www.centrosoftware.com\/software-erp\/software-sam-erp2\/\" data-type=\"link\" data-id=\"https:\/\/www.centrosoftware.com\/software-erp\/software-sam-erp2\/\" target=\"_blank\" rel=\"noreferrer noopener\">SAM\/ERP2<\/a><\/strong>, oltre a collaborare con brand leader come <strong data-start=\"781\" data-end=\"820\">Microsoft\u2122, HP, Dell, Cisco, VMware<\/strong>.<br>Siamo inoltre consulenti su <a href=\"https:\/\/www.danea.it\/reseller\/ref?r=59882&amp;d=ef\" data-type=\"link\" data-id=\"https:\/\/www.danea.it\/reseller\/ref?r=59882&amp;d=ef\" target=\"_blank\" rel=\"noreferrer noopener\">Easyfatt<\/a>\u00ae di Danea e vantiamo certificazioni con <strong data-start=\"912\" data-end=\"962\"><a href=\"\/w\/yeastar\/\">Yeastar<\/a> , <a href=\"\/w\/centro-software\/\">Centro Software<\/a>, <a href=\"\/w\/bitdefender-bronze-partner\/\">Bitdefender<\/a>, <a href=\"\/w\/tp-link-gold-partner\/\">TP-Link<\/a>, e <a href=\"\/w\/category\/certificazioni\/\">altri partner<\/a><\/strong> tecnologici.<\/p>\n\n\n\n<h3 class=\"wp-block-heading\">I nostri servizi<\/h3>\n\n\n\n<ul class=\"wp-block-list\">\n<li><strong>Gestionali ERP e CRM<\/strong> per ottimizzare processi aziendali<\/li>\n\n\n\n<li><strong>Cybersecurity<\/strong>: firewall, backup, antivirus, protezione dati e infrastrutture IT<\/li>\n\n\n\n<li><strong>Cloud e On-Premise<\/strong>: soluzioni scalabili e sicure per dati e applicazioni aziendali<\/li>\n\n\n\n<li><strong>Privacy e Compliance<\/strong>: supporto per privacy aziendale, <a href=\"\/w\/gdpr-cosa-possiamo-fare-per-aiutarvi\/\">GDPR<\/a>,  <a href=\"https:\/\/www.anticorruzione.it\/-\/whistleblowing\" target=\"_blank\" rel=\"noreferrer noopener\">whistleblowing<\/a> e gestione documentale<\/li>\n\n\n\n<li><strong>Consulenza e formazione IT<\/strong>: aggiornamento continuo per restare competitivi<\/li>\n\n\n\n<li><strong>Telefonia e VoIP<\/strong>: centralini integrati con ERP\/CRM per una comunicazione pi\u00f9 efficiente<\/li>\n<\/ul>\n\n\n\n<h3 class=\"wp-block-heading\">Perch\u00e9 scegliere noi<\/h3>\n\n\n\n<ul class=\"wp-block-list\">\n<li>Esperienza dal 1990 nel settore IT<\/li>\n\n\n\n<li>Soluzioni complete e personalizzate per ogni azienda<\/li>\n\n\n\n<li>Partner certificati dei principali leader tecnologici<\/li>\n\n\n\n<li>Collaborazioni con esperti web (SEO, grafica, sviluppo), consulenti contabili e specialisti TLC per garantire un approccio integrato al business<\/li>\n<\/ul>\n\n\n\n<p>La <strong data-start=\"1897\" data-end=\"1914\"><a href=\"https:\/\/www.microsoft.com\/it-it\/security\/business\/security-101\/what-is-cybersecurity\" data-type=\"link\" data-id=\"https:\/\/www.microsoft.com\/it-it\/security\/business\/security-101\/what-is-cybersecurity\" target=\"_blank\" rel=\"noreferrer noopener\">cybersecurity<\/a><\/strong> e la <strong data-start=\"1920\" data-end=\"1943\">protezione dei dati<\/strong> sono oggi pi\u00f9 importanti che mai: noi le implementiamo da sempre.<\/p>\n\n\n\n<p>Con noi hai la certezza di un <strong data-start=\"2043\" data-end=\"2077\">partner tecnologico affidabile<\/strong> che ti accompagna passo dopo passo nella crescita digitale della tua azienda.<\/p>\n\n\n\n<hr class=\"wp-block-separator has-alpha-channel-opacity\"\/>\n","protected":false},"excerpt":{"rendered":"<p>Innovare semplificando: servizi informatici e sicurezza per il business Fatevi coinvolgere dalla opportunit\u00e0 di innovare semplificando. L&#8217;informatica oggi \u00e8 alla portata di tutti e pu\u00f2 migliorare le performance della vostra azienda. Da oltre 30 anni supportiamo le aziende con soluzioni informatiche innovative, sicure ed efficienti. La nostra missione \u00e8 aiutarti a migliorare le performance e&hellip;&nbsp;<a href=\"https:\/\/www.marmac.it\/w\/\" rel=\"bookmark\"><span class=\"screen-reader-text\">Chi siamo<\/span><\/a><\/p>\n","protected":false},"author":1,"featured_media":0,"parent":0,"menu_order":0,"comment_status":"closed","ping_status":"open","template":"","meta":{"neve_meta_sidebar":"","neve_meta_container":"","neve_meta_enable_content_width":"","neve_meta_content_width":0,"neve_meta_title_alignment":"","neve_meta_author_avatar":"","neve_post_elements_order":"","neve_meta_disable_header":"","neve_meta_disable_footer":"","neve_meta_disable_title":"","footnotes":""},"class_list":["post-2","page","type-page","status-publish","hentry"],"jetpack_sharing_enabled":true,"_links":{"self":[{"href":"https:\/\/www.marmac.it\/w\/wp-json\/wp\/v2\/pages\/2","targetHints":{"allow":["GET"]}}],"collection":[{"href":"https:\/\/www.marmac.it\/w\/wp-json\/wp\/v2\/pages"}],"about":[{"href":"https:\/\/www.marmac.it\/w\/wp-json\/wp\/v2\/types\/page"}],"author":[{"embeddable":true,"href":"https:\/\/www.marmac.it\/w\/wp-json\/wp\/v2\/users\/1"}],"replies":[{"embeddable":true,"href":"https:\/\/www.marmac.it\/w\/wp-json\/wp\/v2\/comments?post=2"}],"version-history":[{"count":52,"href":"https:\/\/www.marmac.it\/w\/wp-json\/wp\/v2\/pages\/2\/revisions"}],"predecessor-version":[{"id":5814,"href":"https:\/\/www.marmac.it\/w\/wp-json\/wp\/v2\/pages\/2\/revisions\/5814"}],"wp:attachment":[{"href":"https:\/\/www.marmac.it\/w\/wp-json\/wp\/v2\/media?parent=2"}],"curies":[{"name":"wp","href":"https:\/\/api.w.org\/{rel}","templated":true}]}}