{"id":2834,"date":"2023-08-29T15:33:12","date_gmt":"2023-08-29T13:33:12","guid":{"rendered":"https:\/\/www.marmac.it\/w\/?page_id=2834"},"modified":"2023-08-29T15:46:42","modified_gmt":"2023-08-29T13:46:42","slug":"aziende-con-reparto-it","status":"publish","type":"page","link":"https:\/\/www.marmac.it\/w\/aziende-con-reparto-it\/","title":{"rendered":"Aziende con reparto IT"},"content":{"rendered":"\n<p>Vi supportiamo con prestazioni specialistiche su misura che facilitano il raggiungimento degli obiettivi aziendali e di reparto, mettendoti a disposizione una estensione del vostro reparto IT.<\/p>\n<p>Siamo al fianco dell\u2019IT Manager offrendo <span style=\"text-decoration: underline;\">esperienza<\/span> e <span style=\"text-decoration: underline;\">risorse<\/span> per governare i cambiamenti digitali che avvengono in ogni azienda.<\/p>\n<p>Con i nostri servizi specialistici siamo la soluzione ottimale per allargare il proprio reparto IT a nuove competenze e professionalit\u00e0.<\/p>\n\n\n\n<div class=\"wp-block-columns is-layout-flex wp-container-core-columns-is-layout-9d6595d7 wp-block-columns-is-layout-flex\">\n<div class=\"wp-block-column is-layout-flow wp-block-column-is-layout-flow\">\n<h3 class=\"wp-block-heading\">IT Governance<\/h3>\n\n\n\n<h4 class=\"wp-block-heading\">Il Sistema Informativo \u00c8 Adeguato A Supportare Il Tuo Business?<\/h4>\n\n\n\n<p>Da anni i sistemi IT sono molto pi\u00f9 di semplici strumenti al servizio dell\u2019azienda. Assieme ci assicureremo che il tuo sistema informativo sia perfettamente rispondente alle nuove esigenze.<\/p>\n<\/div>\n\n\n\n<div class=\"wp-block-column is-layout-flow wp-block-column-is-layout-flow\">\n<h3 class=\"wp-block-heading\">IT Management<\/h3>\n\n\n\n<h4 class=\"wp-block-heading\">Pensiamo noi alla gestione del tuo sistema IT<\/h4>\n\n\n\n<p>\u00c8 necessario anche assicurarsi che tutte le potenzialit\u00e0 del sistema informativo siano orientate verso il raggiungimento degli obiettivi di business, cos\u00ec da mettere effettivamente la tecnologia al servizio della crescita dell\u2019azienda.<\/p>\n<\/div>\n<\/div>\n\n\n\n<h4 class=\"wp-block-heading\">Al fianco del tuo reparto IT<\/h4>\n\n\n\n<blockquote class=\"wp-block-quote is-layout-flow wp-block-quote-is-layout-flow\">\n<p>Per dare la possibilit\u00e0 al tuo reparto IT interno di concentrarsi su attivit\u00e0 ad alto valore aggiunto, per fornirti la consulenza strategica necessaria per la crescita aziendale, per aggiornare le competenze dei tuoi tecnici.<\/p>\n<cite>Per tutti questi motivi siamo pronti a metterci al fianco del tuo reparto IT.<\/cite><\/blockquote>\n\n\n","protected":false},"excerpt":{"rendered":"<p>Vi supportiamo con prestazioni specialistiche su misura che facilitano il raggiungimento degli obiettivi aziendali e di reparto, mettendoti a disposizione una estensione del vostro reparto IT. Siamo al fianco dell\u2019IT Manager offrendo esperienza e risorse per governare i cambiamenti digitali che avvengono in ogni azienda. Con i nostri servizi specialistici siamo la soluzione ottimale per&hellip;&nbsp;<a href=\"https:\/\/www.marmac.it\/w\/aziende-con-reparto-it\/\" rel=\"bookmark\"><span class=\"screen-reader-text\">Aziende con reparto IT<\/span><\/a><\/p>\n","protected":false},"author":1,"featured_media":0,"parent":0,"menu_order":0,"comment_status":"closed","ping_status":"closed","template":"","meta":{"neve_meta_sidebar":"","neve_meta_container":"","neve_meta_enable_content_width":"","neve_meta_content_width":0,"neve_meta_title_alignment":"","neve_meta_author_avatar":"","neve_post_elements_order":"","neve_meta_disable_header":"","neve_meta_disable_footer":"","neve_meta_disable_title":"","footnotes":""},"class_list":["post-2834","page","type-page","status-publish","hentry"],"jetpack_sharing_enabled":true,"_links":{"self":[{"href":"https:\/\/www.marmac.it\/w\/wp-json\/wp\/v2\/pages\/2834","targetHints":{"allow":["GET"]}}],"collection":[{"href":"https:\/\/www.marmac.it\/w\/wp-json\/wp\/v2\/pages"}],"about":[{"href":"https:\/\/www.marmac.it\/w\/wp-json\/wp\/v2\/types\/page"}],"author":[{"embeddable":true,"href":"https:\/\/www.marmac.it\/w\/wp-json\/wp\/v2\/users\/1"}],"replies":[{"embeddable":true,"href":"https:\/\/www.marmac.it\/w\/wp-json\/wp\/v2\/comments?post=2834"}],"version-history":[{"count":7,"href":"https:\/\/www.marmac.it\/w\/wp-json\/wp\/v2\/pages\/2834\/revisions"}],"predecessor-version":[{"id":2848,"href":"https:\/\/www.marmac.it\/w\/wp-json\/wp\/v2\/pages\/2834\/revisions\/2848"}],"wp:attachment":[{"href":"https:\/\/www.marmac.it\/w\/wp-json\/wp\/v2\/media?parent=2834"}],"curies":[{"name":"wp","href":"https:\/\/api.w.org\/{rel}","templated":true}]}}