{"id":400,"date":"2018-04-16T18:12:31","date_gmt":"2018-04-16T16:12:31","guid":{"rendered":"http:\/\/www.marmac.it\/w\/?page_id=400"},"modified":"2018-04-16T18:12:31","modified_gmt":"2018-04-16T16:12:31","slug":"gdpr-richiesta-di-contatto","status":"publish","type":"page","link":"https:\/\/www.marmac.it\/w\/gdpr-richiesta-di-contatto\/","title":{"rendered":"GDPR richiesta di contatto"},"content":{"rendered":"\n<div class=\"wpcf7 no-js\" id=\"wpcf7-f399-o1\" lang=\"it-IT\" dir=\"ltr\" data-wpcf7-id=\"399\">\n<div class=\"screen-reader-response\"><p role=\"status\" aria-live=\"polite\" aria-atomic=\"true\"><\/p> <ul><\/ul><\/div>\n<form action=\"\/w\/wp-json\/wp\/v2\/pages\/400#wpcf7-f399-o1\" method=\"post\" class=\"wpcf7-form init\" aria-label=\"Modulo di contatto\" novalidate=\"novalidate\" data-status=\"init\">\n<fieldset class=\"hidden-fields-container\"><input type=\"hidden\" name=\"_wpcf7\" value=\"399\" \/><input type=\"hidden\" name=\"_wpcf7_version\" value=\"6.1.6\" \/><input type=\"hidden\" name=\"_wpcf7_locale\" value=\"it_IT\" \/><input type=\"hidden\" name=\"_wpcf7_unit_tag\" value=\"wpcf7-f399-o1\" \/><input type=\"hidden\" name=\"_wpcf7_container_post\" value=\"0\" \/><input type=\"hidden\" name=\"_wpcf7_posted_data_hash\" value=\"\" \/><input type=\"hidden\" name=\"_wpcf7_recaptcha_response\" value=\"\" \/>\n<\/fieldset>\n<p><em>N.B. L\u2019evasione delle richieste avverr\u00e0 secondo l\u2019ordine di arrivo. Essendo attivit\u00e0 concentrate in un breve arco temporale \u00e8 necessario prenotare per tempo. Per le richieste arrivate in ritardo non sar\u00e0 purtroppo possibile garantire l'assistenza entro il 25 maggio 2018.<\/em>\n<\/p>\n<p><br \/>\n<span class=\"wpcf7-form-control-wrap\" data-name=\"your-name\"><input size=\"40\" maxlength=\"400\" class=\"wpcf7-form-control wpcf7-text wpcf7-validates-as-required\" aria-required=\"true\" aria-invalid=\"false\" placeholder=\"Persona da contattare (richiesto)\" value=\"\" type=\"text\" name=\"your-name\" \/><\/span><span class=\"wpcf7-form-control-wrap\" data-name=\"your-email\"><input size=\"40\" maxlength=\"400\" class=\"wpcf7-form-control wpcf7-email wpcf7-validates-as-required wpcf7-text wpcf7-validates-as-email\" aria-required=\"true\" aria-invalid=\"false\" placeholder=\"email di contatto (richiesto)\" value=\"\" type=\"email\" name=\"your-email\" \/><\/span><br \/>\n<span class=\"wpcf7-form-control-wrap\" data-name=\"your-societa\"><input size=\"40\" maxlength=\"400\" class=\"wpcf7-form-control wpcf7-text wpcf7-validates-as-required\" aria-required=\"true\" aria-invalid=\"false\" placeholder=\"Ragione sociale (richiesto)\" value=\"\" type=\"text\" name=\"your-societa\" \/><\/span><span class=\"wpcf7-form-control-wrap\" data-name=\"your-iva\"><input size=\"40\" maxlength=\"11\" minlength=\"11\" class=\"wpcf7-form-control wpcf7-tel wpcf7-validates-as-required wpcf7-text wpcf7-validates-as-tel\" aria-required=\"true\" aria-invalid=\"false\" placeholder=\"Partita IVA (richiesto)\" value=\"\" type=\"tel\" name=\"your-iva\" \/><\/span><br \/>\n<span class=\"wpcf7-form-control-wrap\" data-name=\"your-attivita\"><textarea cols=\"40\" rows=\"10\" maxlength=\"2000\" class=\"wpcf7-form-control wpcf7-textarea wpcf7-validates-as-required\" aria-required=\"true\" aria-invalid=\"false\" name=\"your-attivita\">Breve descrizione della vostra attivit\u00e0 (richiesto)<\/textarea><\/span>\n<\/p>\n<p><span class=\"wpcf7-form-control-wrap\" data-name=\"accetto\"><span class=\"wpcf7-form-control wpcf7-acceptance\"><span class=\"wpcf7-list-item\"><input type=\"checkbox\" name=\"accetto\" value=\"1\" aria-invalid=\"false\" \/><\/span><\/span><\/span> Ho letto l'<a href=\"http:\/\/www.marmac.it\/w\/privacy\/\" target=\"blank\">informativa sulla privacy<\/a> e autorizzo il trattamento dei miei dati personali<br \/>\n<input class=\"wpcf7-form-control wpcf7-submit has-spinner\" type=\"submit\" value=\"Invia\" \/>\n<\/p><div class=\"wpcf7-response-output\" aria-hidden=\"true\"><\/div>\n<\/form>\n<\/div>\n\n","protected":false},"excerpt":{"rendered":"N.B. L\u2019evasione delle richieste avverr\u00e0 secondo l\u2019ordine di arrivo. Essendo attivit\u00e0 concentrate in un breve arco temporale \u00e8 necessario prenotare per tempo. Per le richieste arrivate in ritardo non sar\u00e0 purtroppo possibile garantire l'assistenza entro il 25 maggio 2018. Breve descrizione della vostra attivit\u00e0 (richiesto) Ho letto l'informativa sulla privacy e autorizzo il trattamento dei<a href=\"https:\/\/www.marmac.it\/w\/gdpr-richiesta-di-contatto\/\" rel=\"bookmark\"><span class=\"screen-reader-text\">GDPR richiesta di contatto<\/span><\/a>","protected":false},"author":1,"featured_media":0,"parent":0,"menu_order":0,"comment_status":"closed","ping_status":"closed","template":"","meta":{"neve_meta_sidebar":"","neve_meta_container":"","neve_meta_enable_content_width":"","neve_meta_content_width":0,"neve_meta_title_alignment":"","neve_meta_author_avatar":"","neve_post_elements_order":"","neve_meta_disable_header":"","neve_meta_disable_footer":"","neve_meta_disable_title":"","footnotes":""},"class_list":["post-400","page","type-page","status-publish","hentry"],"jetpack_sharing_enabled":true,"_links":{"self":[{"href":"https:\/\/www.marmac.it\/w\/wp-json\/wp\/v2\/pages\/400","targetHints":{"allow":["GET"]}}],"collection":[{"href":"https:\/\/www.marmac.it\/w\/wp-json\/wp\/v2\/pages"}],"about":[{"href":"https:\/\/www.marmac.it\/w\/wp-json\/wp\/v2\/types\/page"}],"author":[{"embeddable":true,"href":"https:\/\/www.marmac.it\/w\/wp-json\/wp\/v2\/users\/1"}],"replies":[{"embeddable":true,"href":"https:\/\/www.marmac.it\/w\/wp-json\/wp\/v2\/comments?post=400"}],"version-history":[{"count":1,"href":"https:\/\/www.marmac.it\/w\/wp-json\/wp\/v2\/pages\/400\/revisions"}],"predecessor-version":[{"id":401,"href":"https:\/\/www.marmac.it\/w\/wp-json\/wp\/v2\/pages\/400\/revisions\/401"}],"wp:attachment":[{"href":"https:\/\/www.marmac.it\/w\/wp-json\/wp\/v2\/media?parent=400"}],"curies":[{"name":"wp","href":"https:\/\/api.w.org\/{rel}","templated":true}]}}